{"id":209,"date":"2020-07-08T16:47:17","date_gmt":"2020-07-08T14:47:17","guid":{"rendered":"https:\/\/showcase2.sites.better-hotel.com\/?page_id=209"},"modified":"2026-03-29T09:40:12","modified_gmt":"2026-03-29T07:40:12","slug":"restaurace","status":"publish","type":"page","link":"https:\/\/zakouti.cz\/en\/restaurace\/","title":{"rendered":"Restaurace"},"content":{"rendered":"<div data-elementor-type=\"wp-page\" data-elementor-id=\"209\" class=\"elementor elementor-209\" data-elementor-settings=\"[]\">\n\t\t\t\t\t\t<div class=\"elementor-inner\">\n\t\t\t\t\t\t\t<div class=\"elementor-section-wrap\">\n\t\t\t\t\t\t\t<section class=\"elementor-section elementor-top-section elementor-element elementor-element-cc513ce elementor-section-height-min-height elementor-section-boxed elementor-section-height-default elementor-section-items-middle\" data-id=\"cc513ce\" data-element_type=\"section\" data-settings=\"{&quot;background_background&quot;:&quot;classic&quot;}\">\n\t\t\t\t\t\t\t<div class=\"elementor-background-overlay\"><\/div>\n\t\t\t\t\t\t\t<div class=\"elementor-container elementor-column-gap-default\">\n\t\t\t\t\t\t\t<div class=\"elementor-row\">\n\t\t\t\t\t<div class=\"elementor-column elementor-col-100 elementor-top-column elementor-element elementor-element-906df98\" data-id=\"906df98\" data-element_type=\"column\">\n\t\t\t<div class=\"elementor-column-wrap elementor-element-populated\">\n\t\t\t\t\t\t\t<div class=\"elementor-widget-wrap\">\n\t\t\t\t\t\t<div class=\"elementor-element elementor-element-17084b0 elementor-widget elementor-widget-heading\" data-id=\"17084b0\" data-element_type=\"widget\" data-widget_type=\"heading.default\">\n\t\t\t\t<div class=\"elementor-widget-container\">\n\t\t\t<h1 class=\"elementor-heading-title elementor-size-small\">The Legends<\/h1>\t\t<\/div>\n\t\t\t\t<\/div>\n\t\t\t\t<div class=\"elementor-element elementor-element-b9c72fb elementor-widget elementor-widget-heading\" data-id=\"b9c72fb\" data-element_type=\"widget\" data-widget_type=\"heading.default\">\n\t\t\t\t<div class=\"elementor-widget-container\">\n\t\t\t<h2 class=\"elementor-heading-title elementor-size-medium\">Restaurant<\/h2>\t\t<\/div>\n\t\t\t\t<\/div>\n\t\t\t\t<div class=\"elementor-element elementor-element-1ee2352 elementor-widget-divider--view-line elementor-widget elementor-widget-divider\" data-id=\"1ee2352\" data-element_type=\"widget\" data-widget_type=\"divider.default\">\n\t\t\t\t<div class=\"elementor-widget-container\">\n\t\t\t\t\t<div class=\"elementor-divider\">\n\t\t\t<span class=\"elementor-divider-separator\">\n\t\t\t\t\t\t<\/span>\n\t\t<\/div>\n\t\t\t\t<\/div>\n\t\t\t\t<\/div>\n\t\t\t\t\t\t<\/div>\n\t\t\t\t\t<\/div>\n\t\t<\/div>\n\t\t\t\t\t\t\t\t<\/div>\n\t\t\t\t\t<\/div>\n\t\t<\/section>\n\t\t\t\t<section class=\"elementor-section elementor-top-section elementor-element elementor-element-cc7598b elementor-section-height-min-height elementor-section-items-stretch elementor-section-boxed elementor-section-height-default\" data-id=\"cc7598b\" data-element_type=\"section\">\n\t\t\t\t\t\t<div class=\"elementor-container elementor-column-gap-default\">\n\t\t\t\t\t\t\t<div class=\"elementor-row\">\n\t\t\t\t\t<div class=\"elementor-column elementor-col-50 elementor-top-column elementor-element elementor-element-d7f858c\" data-id=\"d7f858c\" data-element_type=\"column\">\n\t\t\t<div class=\"elementor-column-wrap elementor-element-populated\">\n\t\t\t\t\t\t\t<div class=\"elementor-widget-wrap\">\n\t\t\t\t\t\t<div class=\"elementor-element elementor-element-a10ffae elementor-widget elementor-widget-heading\" data-id=\"a10ffae\" data-element_type=\"widget\" data-widget_type=\"heading.default\">\n\t\t\t\t<div class=\"elementor-widget-container\">\n\t\t\t<h2 class=\"elementor-heading-title elementor-size-default\">Modern\u00ed \u010desk\u00e1 gastronomie <\/h2>\t\t<\/div>\n\t\t\t\t<\/div>\n\t\t\t\t<div class=\"elementor-element elementor-element-83de910 elementor-widget elementor-widget-text-editor\" data-id=\"83de910\" data-element_type=\"widget\" data-widget_type=\"text-editor.default\">\n\t\t\t\t<div class=\"elementor-widget-container\">\n\t\t\t\t\t<div class=\"elementor-text-editor elementor-clearfix\"><p>V na\u0161em restaurantu, kter\u00fd se rozhodl sv\u016fj koncept zam\u011b\u0159it na historick\u00e9, ale i sou\u010dasn\u00e9 sportovn\u00ed legendy, pod\u00e1v\u00e1me sn\u00eddan\u011b a ve\u010de\u0159e formou bufetu. K sn\u00eddani m\u016f\u017eete o\u010dek\u00e1vat tepl\u00e9 a studen\u00e9 pokrmy, jako jsou vaj\u00ed\u010dka, p\u00e1rky, s\u00fdry, uzeniny, ovoce, musli, jogurt, sladkosti. K ve\u010de\u0159i pod\u00e1v\u00e1me sal\u00e1tov\u00fd pult, pol\u00e9vku a v\u00fdb\u011br ze 2 j\u00eddel.<\/p><\/div>\n\t\t\t\t<\/div>\n\t\t\t\t<\/div>\n\t\t\t\t\t\t<\/div>\n\t\t\t\t\t<\/div>\n\t\t<\/div>\n\t\t\t\t<div class=\"elementor-column elementor-col-50 elementor-top-column elementor-element elementor-element-0107b03\" data-id=\"0107b03\" data-element_type=\"column\">\n\t\t\t<div class=\"elementor-column-wrap elementor-element-populated\">\n\t\t\t\t\t\t\t<div class=\"elementor-widget-wrap\">\n\t\t\t\t\t\t<div class=\"elementor-element elementor-element-f54fb6c elementor-widget elementor-widget-image\" data-id=\"f54fb6c\" data-element_type=\"widget\" data-widget_type=\"image.default\">\n\t\t\t\t<div class=\"elementor-widget-container\">\n\t\t\t\t\t<div class=\"elementor-image\">\n\t\t\t\t\t\t\t\t\t\t<img loading=\"lazy\" width=\"800\" height=\"534\" src=\"https:\/\/zakouti.cz\/wp-content\/uploads\/sites\/24\/2020\/06\/beef-cuisine-delicious-dinner-299347-1024x683.jpg\" class=\"attachment-large size-large\" alt=\"\" decoding=\"async\" srcset=\"https:\/\/zakouti.cz\/wp-content\/uploads\/sites\/24\/2020\/06\/beef-cuisine-delicious-dinner-299347-1024x683.jpg 1024w, https:\/\/zakouti.cz\/wp-content\/uploads\/sites\/24\/2020\/06\/beef-cuisine-delicious-dinner-299347-300x200.jpg 300w, https:\/\/zakouti.cz\/wp-content\/uploads\/sites\/24\/2020\/06\/beef-cuisine-delicious-dinner-299347-768x512.jpg 768w, https:\/\/zakouti.cz\/wp-content\/uploads\/sites\/24\/2020\/06\/beef-cuisine-delicious-dinner-299347-1536x1024.jpg 1536w, https:\/\/zakouti.cz\/wp-content\/uploads\/sites\/24\/2020\/06\/beef-cuisine-delicious-dinner-299347.jpg 1920w\" sizes=\"(max-width: 800px) 100vw, 800px\" \/>\t\t\t\t\t\t\t\t\t\t\t<\/div>\n\t\t\t\t<\/div>\n\t\t\t\t<\/div>\n\t\t\t\t\t\t<\/div>\n\t\t\t\t\t<\/div>\n\t\t<\/div>\n\t\t\t\t\t\t\t\t<\/div>\n\t\t\t\t\t<\/div>\n\t\t<\/section>\n\t\t\t\t<section class=\"elementor-section elementor-top-section elementor-element elementor-element-4277231 elementor-section-height-min-height elementor-section-items-stretch elementor-section-boxed elementor-section-height-default\" data-id=\"4277231\" data-element_type=\"section\">\n\t\t\t\t\t\t<div class=\"elementor-container elementor-column-gap-default\">\n\t\t\t\t\t\t\t<div class=\"elementor-row\">\n\t\t\t\t\t<div class=\"elementor-column elementor-col-50 elementor-top-column elementor-element elementor-element-9c0afc5 second\" data-id=\"9c0afc5\" data-element_type=\"column\" data-settings=\"{&quot;background_background&quot;:&quot;classic&quot;}\">\n\t\t\t<div class=\"elementor-column-wrap elementor-element-populated\">\n\t\t\t\t\t\t\t<div class=\"elementor-widget-wrap\">\n\t\t\t\t\t\t<div class=\"elementor-element elementor-element-b1014a1 elementor-widget elementor-widget-image\" data-id=\"b1014a1\" data-element_type=\"widget\" data-widget_type=\"image.default\">\n\t\t\t\t<div class=\"elementor-widget-container\">\n\t\t\t\t\t<div class=\"elementor-image\">\n\t\t\t\t\t\t\t\t\t\t<img loading=\"lazy\" width=\"800\" height=\"600\" src=\"https:\/\/zakouti.cz\/wp-content\/uploads\/sites\/24\/2021\/07\/tempImaget7BUeY-1024x768.jpg\" class=\"attachment-large size-large\" alt=\"\" decoding=\"async\" srcset=\"https:\/\/zakouti.cz\/wp-content\/uploads\/sites\/24\/2021\/07\/tempImaget7BUeY-1024x768.jpg 1024w, https:\/\/zakouti.cz\/wp-content\/uploads\/sites\/24\/2021\/07\/tempImaget7BUeY-300x225.jpg 300w, https:\/\/zakouti.cz\/wp-content\/uploads\/sites\/24\/2021\/07\/tempImaget7BUeY-768x576.jpg 768w, https:\/\/zakouti.cz\/wp-content\/uploads\/sites\/24\/2021\/07\/tempImaget7BUeY-1536x1152.jpg 1536w, https:\/\/zakouti.cz\/wp-content\/uploads\/sites\/24\/2021\/07\/tempImaget7BUeY-2048x1536.jpg 2048w, https:\/\/zakouti.cz\/wp-content\/uploads\/sites\/24\/2021\/07\/tempImaget7BUeY-16x12.jpg 16w\" sizes=\"(max-width: 800px) 100vw, 800px\" \/>\t\t\t\t\t\t\t\t\t\t\t<\/div>\n\t\t\t\t<\/div>\n\t\t\t\t<\/div>\n\t\t\t\t\t\t<\/div>\n\t\t\t\t\t<\/div>\n\t\t<\/div>\n\t\t\t\t<div class=\"elementor-column elementor-col-50 elementor-top-column elementor-element elementor-element-09ceb6b\" data-id=\"09ceb6b\" data-element_type=\"column\">\n\t\t\t<div class=\"elementor-column-wrap elementor-element-populated\">\n\t\t\t\t\t\t\t<div class=\"elementor-widget-wrap\">\n\t\t\t\t\t\t<div class=\"elementor-element elementor-element-7e5ed06 elementor-widget elementor-widget-heading\" data-id=\"7e5ed06\" data-element_type=\"widget\" data-widget_type=\"heading.default\">\n\t\t\t\t<div class=\"elementor-widget-container\">\n\t\t\t<h2 class=\"elementor-heading-title elementor-size-default\">Posezen\u00ed v restauraci u krbu<\/h2>\t\t<\/div>\n\t\t\t\t<\/div>\n\t\t\t\t<div class=\"elementor-element elementor-element-56b8ba4 elementor-widget elementor-widget-text-editor\" data-id=\"56b8ba4\" data-element_type=\"widget\" data-widget_type=\"text-editor.default\">\n\t\t\t\t<div class=\"elementor-widget-container\">\n\t\t\t\t\t<div class=\"elementor-text-editor elementor-clearfix\"><p>Po ve\u010de\u0159i m\u016f\u017eete z\u016fstat v na\u0161\u00ed restauraci \u010di se p\u0159esunout do barov\u00e9 \u010d\u00e1sti u krbu a vychutnat si \u0161irok\u00fd v\u00fdb\u011br alkoholick\u00fdch i nealkoholick\u00fdch n\u00e1poj\u016f.<\/p><\/div>\n\t\t\t\t<\/div>\n\t\t\t\t<\/div>\n\t\t\t\t\t\t<\/div>\n\t\t\t\t\t<\/div>\n\t\t<\/div>\n\t\t\t\t\t\t\t\t<\/div>\n\t\t\t\t\t<\/div>\n\t\t<\/section>\n\t\t\t\t<section class=\"elementor-section elementor-top-section elementor-element elementor-element-51cfafe elementor-section-stretched elementor-section-full_width elementor-section-height-default elementor-section-height-default\" data-id=\"51cfafe\" data-element_type=\"section\" data-settings=\"{&quot;stretch_section&quot;:&quot;section-stretched&quot;}\">\n\t\t\t\t\t\t<div class=\"elementor-container elementor-column-gap-default\">\n\t\t\t\t\t\t\t<div class=\"elementor-row\">\n\t\t\t\t\t<div class=\"elementor-column elementor-col-100 elementor-top-column elementor-element elementor-element-d513cf4\" data-id=\"d513cf4\" data-element_type=\"column\">\n\t\t\t<div class=\"elementor-column-wrap elementor-element-populated\">\n\t\t\t\t\t\t\t<div class=\"elementor-widget-wrap\">\n\t\t\t\t\t\t<div class=\"elementor-element elementor-element-3943121 elementor-widget elementor-widget-heading\" data-id=\"3943121\" data-element_type=\"widget\" data-widget_type=\"heading.default\">\n\t\t\t\t<div class=\"elementor-widget-container\">\n\t\t\t<h2 class=\"elementor-heading-title elementor-size-default\">Fotogalerie<\/h2>\t\t<\/div>\n\t\t\t\t<\/div>\n\t\t\t\t<div class=\"elementor-element elementor-element-e56c30c elementor-widget elementor-widget-gallery\" data-id=\"e56c30c\" data-element_type=\"widget\" data-settings=\"{&quot;gallery_layout&quot;:&quot;justified&quot;,&quot;ideal_row_height&quot;:{&quot;unit&quot;:&quot;px&quot;,&quot;size&quot;:&quot;300&quot;,&quot;sizes&quot;:[]},&quot;gap&quot;:{&quot;unit&quot;:&quot;px&quot;,&quot;size&quot;:&quot;12&quot;,&quot;sizes&quot;:[]},&quot;lazyload&quot;:&quot;yes&quot;,&quot;ideal_row_height_tablet&quot;:{&quot;unit&quot;:&quot;px&quot;,&quot;size&quot;:150,&quot;sizes&quot;:[]},&quot;ideal_row_height_mobile&quot;:{&quot;unit&quot;:&quot;px&quot;,&quot;size&quot;:150,&quot;sizes&quot;:[]},&quot;gap_tablet&quot;:{&quot;unit&quot;:&quot;px&quot;,&quot;size&quot;:10,&quot;sizes&quot;:[]},&quot;gap_mobile&quot;:{&quot;unit&quot;:&quot;px&quot;,&quot;size&quot;:10,&quot;sizes&quot;:[]},&quot;link_to&quot;:&quot;file&quot;,&quot;overlay_background&quot;:&quot;yes&quot;,&quot;content_hover_animation&quot;:&quot;fade-in&quot;}\" data-widget_type=\"gallery.default\">\n\t\t\t\t<div class=\"elementor-widget-container\">\n\t\t\t\t\t<div class=\"elementor-gallery__container\">\n\t\t\t\t\t\t\t<a class=\"e-gallery-item elementor-gallery-item elementor-animated-content\" href=\"https:\/\/zakouti.cz\/wp-content\/uploads\/sites\/24\/2020\/06\/chef-preparing-vegetable-dish-on-tree-slab-1267320.jpg\" data-elementor-open-lightbox=\"yes\" data-elementor-lightbox-slideshow=\"all-e56c30c\" data-elementor-lightbox-title=\"chef-preparing-vegetable-dish-on-tree-slab-1267320\">\n\t\t\t\t\t<div class=\"e-gallery-image elementor-gallery-item__image\" data-thumbnail=\"https:\/\/zakouti.cz\/wp-content\/uploads\/sites\/24\/2020\/06\/chef-preparing-vegetable-dish-on-tree-slab-1267320-768x512.jpg\" data-width=\"768\" data-height=\"512\" alt=\"\" ><\/div>\n\t\t\t\t\t\t\t\t\t\t<div class=\"elementor-gallery-item__overlay\"><\/div>\n\t\t\t\t\t\t\t\t\t\t\t\t\t\t<\/a>\n\t\t\t\t\t\t\t<a class=\"e-gallery-item elementor-gallery-item elementor-animated-content\" href=\"https:\/\/zakouti.cz\/wp-content\/uploads\/sites\/24\/2020\/06\/beef-cuisine-delicious-dinner-299347.jpg\" data-elementor-open-lightbox=\"yes\" data-elementor-lightbox-slideshow=\"all-e56c30c\" data-elementor-lightbox-title=\"beef-cuisine-delicious-dinner-299347\">\n\t\t\t\t\t<div class=\"e-gallery-image elementor-gallery-item__image\" data-thumbnail=\"https:\/\/zakouti.cz\/wp-content\/uploads\/sites\/24\/2020\/06\/beef-cuisine-delicious-dinner-299347-768x512.jpg\" data-width=\"768\" data-height=\"512\" alt=\"\" ><\/div>\n\t\t\t\t\t\t\t\t\t\t<div class=\"elementor-gallery-item__overlay\"><\/div>\n\t\t\t\t\t\t\t\t\t\t\t\t\t\t<\/a>\n\t\t\t\t\t\t\t<a class=\"e-gallery-item elementor-gallery-item elementor-animated-content\" href=\"https:\/\/zakouti.cz\/wp-content\/uploads\/sites\/24\/2020\/06\/empty-dining-tables-and-chairs-1579739.jpg\" data-elementor-open-lightbox=\"yes\" data-elementor-lightbox-slideshow=\"all-e56c30c\" data-elementor-lightbox-title=\"empty-dining-tables-and-chairs-1579739\">\n\t\t\t\t\t<div class=\"e-gallery-image elementor-gallery-item__image\" data-thumbnail=\"https:\/\/zakouti.cz\/wp-content\/uploads\/sites\/24\/2020\/06\/empty-dining-tables-and-chairs-1579739-768x512.jpg\" data-width=\"768\" data-height=\"512\" alt=\"\" ><\/div>\n\t\t\t\t\t\t\t\t\t\t<div class=\"elementor-gallery-item__overlay\"><\/div>\n\t\t\t\t\t\t\t\t\t\t\t\t\t\t<\/a>\n\t\t\t\t\t\t\t<a class=\"e-gallery-item elementor-gallery-item elementor-animated-content\" href=\"https:\/\/zakouti.cz\/wp-content\/uploads\/sites\/24\/2020\/06\/cooked-food-704569-768x1024-1.jpg\" data-elementor-open-lightbox=\"yes\" data-elementor-lightbox-slideshow=\"all-e56c30c\" data-elementor-lightbox-title=\"cooked-food-704569-768x1024\">\n\t\t\t\t\t<div class=\"e-gallery-image elementor-gallery-item__image\" data-thumbnail=\"https:\/\/zakouti.cz\/wp-content\/uploads\/sites\/24\/2020\/06\/cooked-food-704569-768x1024-1.jpg\" data-width=\"768\" data-height=\"1024\" alt=\"\" ><\/div>\n\t\t\t\t\t\t\t\t\t\t<div class=\"elementor-gallery-item__overlay\"><\/div>\n\t\t\t\t\t\t\t\t\t\t\t\t\t\t<\/a>\n\t\t\t\t\t\t\t<a class=\"e-gallery-item elementor-gallery-item elementor-animated-content\" href=\"https:\/\/zakouti.cz\/wp-content\/uploads\/sites\/24\/2020\/06\/martin-widenka-tkfRSPt-jdk-unsplash-1024x1024-1.jpg\" data-elementor-open-lightbox=\"yes\" data-elementor-lightbox-slideshow=\"all-e56c30c\" data-elementor-lightbox-title=\"martin-widenka-tkfRSPt-jdk-unsplash-1024x1024\">\n\t\t\t\t\t<div class=\"e-gallery-image elementor-gallery-item__image\" data-thumbnail=\"https:\/\/zakouti.cz\/wp-content\/uploads\/sites\/24\/2020\/06\/martin-widenka-tkfRSPt-jdk-unsplash-1024x1024-1-768x768.jpg\" data-width=\"768\" data-height=\"768\" alt=\"\" ><\/div>\n\t\t\t\t\t\t\t\t\t\t<div class=\"elementor-gallery-item__overlay\"><\/div>\n\t\t\t\t\t\t\t\t\t\t\t\t\t\t<\/a>\n\t\t\t\t\t\t\t<a class=\"e-gallery-item elementor-gallery-item elementor-animated-content\" href=\"https:\/\/zakouti.cz\/wp-content\/uploads\/sites\/24\/2020\/07\/pan-xiaozhen-x-iM-wOy9Jg-unsplash.jpg\" data-elementor-open-lightbox=\"yes\" data-elementor-lightbox-slideshow=\"all-e56c30c\" data-elementor-lightbox-title=\"pan-xiaozhen-x-iM-wOy9Jg-unsplash\">\n\t\t\t\t\t<div class=\"e-gallery-image elementor-gallery-item__image\" data-thumbnail=\"https:\/\/zakouti.cz\/wp-content\/uploads\/sites\/24\/2020\/07\/pan-xiaozhen-x-iM-wOy9Jg-unsplash.jpg\" data-width=\"640\" data-height=\"360\" alt=\"\" ><\/div>\n\t\t\t\t\t\t\t\t\t\t<div class=\"elementor-gallery-item__overlay\"><\/div>\n\t\t\t\t\t\t\t\t\t\t\t\t\t\t<\/a>\n\t\t\t\t\t\t\t<a class=\"e-gallery-item elementor-gallery-item elementor-animated-content\" href=\"https:\/\/zakouti.cz\/wp-content\/uploads\/sites\/24\/2020\/06\/jenn-kosar-k5VGs9qQubc-unsplash.jpg\" data-elementor-open-lightbox=\"yes\" data-elementor-lightbox-slideshow=\"all-e56c30c\" data-elementor-lightbox-title=\"jenn-kosar-k5VGs9qQubc-unsplash\">\n\t\t\t\t\t<div class=\"e-gallery-image elementor-gallery-item__image\" data-thumbnail=\"https:\/\/zakouti.cz\/wp-content\/uploads\/sites\/24\/2020\/06\/jenn-kosar-k5VGs9qQubc-unsplash.jpg\" data-width=\"640\" data-height=\"853\" alt=\"\" ><\/div>\n\t\t\t\t\t\t\t\t\t\t<div class=\"elementor-gallery-item__overlay\"><\/div>\n\t\t\t\t\t\t\t\t\t\t\t\t\t\t<\/a>\n\t\t\t\t\t<\/div>\n\t\t\t<\/div>\n\t\t\t\t<\/div>\n\t\t\t\t\t\t<\/div>\n\t\t\t\t\t<\/div>\n\t\t<\/div>\n\t\t\t\t\t\t\t\t<\/div>\n\t\t\t\t\t<\/div>\n\t\t<\/section>\n\t\t\t\t\t\t<\/div>\n\t\t\t\t\t\t<\/div>\n\t\t\t\t\t<\/div>","protected":false},"excerpt":{"rendered":"<p>The Legends Restaurant Modern\u00ed \u010desk\u00e1 gastronomie V na\u0161em restaurantu, kter\u00fd se rozhodl sv\u016fj koncept zam\u011b\u0159it na historick\u00e9, ale i sou\u010dasn\u00e9 sportovn\u00ed legendy, pod\u00e1v\u00e1me sn\u00eddan\u011b a ve\u010de\u0159e formou bufetu. K sn\u00eddani m\u016f\u017eete o\u010dek\u00e1vat tepl\u00e9 a studen\u00e9 pokrmy, jako jsou vaj\u00ed\u010dka, p\u00e1rky, s\u00fdry, uzeniny, ovoce, musli, jogurt, sladkosti. K ve\u010de\u0159i pod\u00e1v\u00e1me sal\u00e1tov\u00fd pult, pol\u00e9vku a v\u00fdb\u011br ze [&hellip;]<\/p>","protected":false},"author":1,"featured_media":0,"parent":0,"menu_order":0,"comment_status":"closed","ping_status":"closed","template":"elementor_header_footer","meta":{"footnotes":""},"aioseo_notices":[],"_links":{"self":[{"href":"https:\/\/zakouti.cz\/en\/wp-json\/wp\/v2\/pages\/209"}],"collection":[{"href":"https:\/\/zakouti.cz\/en\/wp-json\/wp\/v2\/pages"}],"about":[{"href":"https:\/\/zakouti.cz\/en\/wp-json\/wp\/v2\/types\/page"}],"author":[{"embeddable":true,"href":"https:\/\/zakouti.cz\/en\/wp-json\/wp\/v2\/users\/1"}],"replies":[{"embeddable":true,"href":"https:\/\/zakouti.cz\/en\/wp-json\/wp\/v2\/comments?post=209"}],"version-history":[{"count":41,"href":"https:\/\/zakouti.cz\/en\/wp-json\/wp\/v2\/pages\/209\/revisions"}],"predecessor-version":[{"id":1035,"href":"https:\/\/zakouti.cz\/en\/wp-json\/wp\/v2\/pages\/209\/revisions\/1035"}],"wp:attachment":[{"href":"https:\/\/zakouti.cz\/en\/wp-json\/wp\/v2\/media?parent=209"}],"curies":[{"name":"wp","href":"https:\/\/api.w.org\/{rel}","templated":true}]}}