{"id":861,"date":"2021-07-07T15:35:08","date_gmt":"2021-07-07T13:35:08","guid":{"rendered":"https:\/\/zakouti.cz\/?page_id=861"},"modified":"2026-03-29T09:55:44","modified_gmt":"2026-03-29T07:55:44","slug":"menu-2","status":"publish","type":"page","link":"https:\/\/zakouti.cz\/en\/menu-2\/","title":{"rendered":"Menu"},"content":{"rendered":"<div data-elementor-type=\"wp-page\" data-elementor-id=\"861\" class=\"elementor elementor-861\" data-elementor-settings=\"[]\">\n\t\t\t\t\t\t<div class=\"elementor-inner\">\n\t\t\t\t\t\t\t<div class=\"elementor-section-wrap\">\n\t\t\t\t\t\t\t<section class=\"elementor-section elementor-top-section elementor-element elementor-element-c54a9fa elementor-section-boxed elementor-section-height-default elementor-section-height-default\" data-id=\"c54a9fa\" data-element_type=\"section\">\n\t\t\t\t\t\t<div class=\"elementor-container elementor-column-gap-default\">\n\t\t\t\t\t\t\t<div class=\"elementor-row\">\n\t\t\t\t\t<div class=\"elementor-column elementor-col-100 elementor-top-column elementor-element elementor-element-8d58eb5\" data-id=\"8d58eb5\" data-element_type=\"column\">\n\t\t\t<div class=\"elementor-column-wrap elementor-element-populated\">\n\t\t\t\t\t\t\t<div class=\"elementor-widget-wrap\">\n\t\t\t\t\t\t<div class=\"elementor-element elementor-element-c7f0138 elementor-widget elementor-widget-spacer\" data-id=\"c7f0138\" data-element_type=\"widget\" data-widget_type=\"spacer.default\">\n\t\t\t\t<div class=\"elementor-widget-container\">\n\t\t\t\t\t<div class=\"elementor-spacer\">\n\t\t\t<div class=\"elementor-spacer-inner\"><\/div>\n\t\t<\/div>\n\t\t\t\t<\/div>\n\t\t\t\t<\/div>\n\t\t\t\t<div class=\"elementor-element elementor-element-2d9cb2c elementor-widget elementor-widget-heading\" data-id=\"2d9cb2c\" data-element_type=\"widget\" data-widget_type=\"heading.default\">\n\t\t\t\t<div class=\"elementor-widget-container\">\n\t\t\t<h2 class=\"elementor-heading-title elementor-size-xl\">St\u00e1l\u00e9 menu<\/h2>\t\t<\/div>\n\t\t\t\t<\/div>\n\t\t\t\t<div class=\"elementor-element elementor-element-2ab8c71 elementor-widget-divider--view-line elementor-widget elementor-widget-divider\" data-id=\"2ab8c71\" data-element_type=\"widget\" data-widget_type=\"divider.default\">\n\t\t\t\t<div class=\"elementor-widget-container\">\n\t\t\t\t\t<div class=\"elementor-divider\">\n\t\t\t<span class=\"elementor-divider-separator\">\n\t\t\t\t\t\t<\/span>\n\t\t<\/div>\n\t\t\t\t<\/div>\n\t\t\t\t<\/div>\n\t\t\t\t\t\t<\/div>\n\t\t\t\t\t<\/div>\n\t\t<\/div>\n\t\t\t\t\t\t\t\t<\/div>\n\t\t\t\t\t<\/div>\n\t\t<\/section>\n\t\t\t\t<section class=\"elementor-section elementor-top-section elementor-element elementor-element-46299a9 elementor-section-boxed elementor-section-height-default elementor-section-height-default\" data-id=\"46299a9\" data-element_type=\"section\">\n\t\t\t\t\t\t<div class=\"elementor-container elementor-column-gap-default\">\n\t\t\t\t\t\t\t<div class=\"elementor-row\">\n\t\t\t\t\t<div class=\"elementor-column elementor-col-100 elementor-top-column elementor-element elementor-element-f736125\" data-id=\"f736125\" data-element_type=\"column\">\n\t\t\t<div class=\"elementor-column-wrap elementor-element-populated\">\n\t\t\t\t\t\t\t<div class=\"elementor-widget-wrap\">\n\t\t\t\t\t\t\t\t<\/div>\n\t\t\t\t\t<\/div>\n\t\t<\/div>\n\t\t\t\t\t\t\t\t<\/div>\n\t\t\t\t\t<\/div>\n\t\t<\/section>\n\t\t\t\t<section class=\"elementor-section elementor-top-section elementor-element elementor-element-c7e845b elementor-section-boxed elementor-section-height-default elementor-section-height-default\" data-id=\"c7e845b\" data-element_type=\"section\">\n\t\t\t\t\t\t<div class=\"elementor-container elementor-column-gap-default\">\n\t\t\t\t\t\t\t<div class=\"elementor-row\">\n\t\t\t\t\t<div class=\"elementor-column elementor-col-100 elementor-top-column elementor-element elementor-element-25795b5\" data-id=\"25795b5\" data-element_type=\"column\">\n\t\t\t<div class=\"elementor-column-wrap elementor-element-populated\">\n\t\t\t\t\t\t\t<div class=\"elementor-widget-wrap\">\n\t\t\t\t\t\t<div class=\"elementor-element elementor-element-793e3eb elementor-widget elementor-widget-text-editor\" data-id=\"793e3eb\" data-element_type=\"widget\" data-widget_type=\"text-editor.default\">\n\t\t\t\t<div class=\"elementor-widget-container\">\n\t\t\t\t\t<div class=\"elementor-text-editor elementor-clearfix\"><p>St\u00e1l\u00e9 menu ji\u017e nenab\u00edz\u00edme, m\u00edsto toho pro v\u00e1s p\u0159ipravujeme ve\u010de\u0159i podle aktu\u00e1ln\u00ed nab\u00eddky.Na v\u00fdb\u011br je sal\u00e1tov\u00fd pult, pol\u00e9vka a 2 hlavn\u00ed j\u00eddla.<\/p><\/div>\n\t\t\t\t<\/div>\n\t\t\t\t<\/div>\n\t\t\t\t\t\t<\/div>\n\t\t\t\t\t<\/div>\n\t\t<\/div>\n\t\t\t\t\t\t\t\t<\/div>\n\t\t\t\t\t<\/div>\n\t\t<\/section>\n\t\t\t\t\t\t<\/div>\n\t\t\t\t\t\t<\/div>\n\t\t\t\t\t<\/div>","protected":false},"excerpt":{"rendered":"<p>St\u00e1l\u00e9 menu St\u00e1l\u00e9 menu ji\u017e nenab\u00edz\u00edme, m\u00edsto toho pro v\u00e1s p\u0159ipravujeme ve\u010de\u0159i podle aktu\u00e1ln\u00ed nab\u00eddky.Na v\u00fdb\u011br je sal\u00e1tov\u00fd pult, pol\u00e9vka a 2 hlavn\u00ed j\u00eddla.<\/p>","protected":false},"author":10,"featured_media":0,"parent":0,"menu_order":0,"comment_status":"closed","ping_status":"closed","template":"elementor_header_footer","meta":{"footnotes":""},"aioseo_notices":[],"_links":{"self":[{"href":"https:\/\/zakouti.cz\/en\/wp-json\/wp\/v2\/pages\/861"}],"collection":[{"href":"https:\/\/zakouti.cz\/en\/wp-json\/wp\/v2\/pages"}],"about":[{"href":"https:\/\/zakouti.cz\/en\/wp-json\/wp\/v2\/types\/page"}],"author":[{"embeddable":true,"href":"https:\/\/zakouti.cz\/en\/wp-json\/wp\/v2\/users\/10"}],"replies":[{"embeddable":true,"href":"https:\/\/zakouti.cz\/en\/wp-json\/wp\/v2\/comments?post=861"}],"version-history":[{"count":29,"href":"https:\/\/zakouti.cz\/en\/wp-json\/wp\/v2\/pages\/861\/revisions"}],"predecessor-version":[{"id":1042,"href":"https:\/\/zakouti.cz\/en\/wp-json\/wp\/v2\/pages\/861\/revisions\/1042"}],"wp:attachment":[{"href":"https:\/\/zakouti.cz\/en\/wp-json\/wp\/v2\/media?parent=861"}],"curies":[{"name":"wp","href":"https:\/\/api.w.org\/{rel}","templated":true}]}}